{"id":5306,"date":"2023-10-03T23:18:52","date_gmt":"2023-10-03T23:18:52","guid":{"rendered":"https:\/\/bizitzekoda.zumaia.eus\/zumaia-bizitzeko-da-las-bases\/"},"modified":"2023-10-03T23:18:55","modified_gmt":"2023-10-03T23:18:55","slug":"zumaia-bizitzeko-da-las-bases","status":"publish","type":"page","link":"https:\/\/bizitzekoda.zumaia.eus\/es\/zumaia-bizitzeko-da-las-bases\/","title":{"rendered":"Zumaia bizitzeko da: las bases"},"content":{"rendered":"<p>[et_pb_section fb_built=\u00bb1&#8243; specialty=\u00bbon\u00bb background_color_2=\u00bb#000000&#8243; padding_top_bottom_link_2=\u00bbfalse\u00bb padding_left_right_link_2=\u00bbfalse\u00bb admin_label=\u00bbHeader\u00bb _builder_version=\u00bb4.16&#8243; background_image=\u00bbhttps:\/\/bizitzekoda.zumaia.eus\/wp-content\/uploads\/2020\/02\/ESTILO_LIBURUA_BIZITZEKO-Recuperado-39-1.jpg\u00bb custom_margin=\u00bb||36px|||\u00bb custom_padding=\u00bb85px||85px||true|false\u00bb locked=\u00bboff\u00bb global_colors_info=\u00bb{}\u00bb][et_pb_column type=\u00bb1_2&#8243; _builder_version=\u00bb4.16&#8243; custom_padding=\u00bb|||\u00bb global_colors_info=\u00bb{}\u00bb custom_padding__hover=\u00bb|||\u00bb][et_pb_text _builder_version=\u00bb4.21.0&#8243; _module_preset=\u00bbdefault\u00bb header_font=\u00bb|700|||||||\u00bb header_text_color=\u00bb#000000&#8243; header_font_size=\u00bb76px\u00bb header_line_height=\u00bb1.1em\u00bb width=\u00bb100%\u00bb custom_padding=\u00bb|0px||||\u00bb hover_enabled=\u00bb0&#8243; global_colors_info=\u00bb{}\u00bb sticky_enabled=\u00bb0&#8243; text_font_size=\u00bb23px\u00bb custom_margin=\u00bb|-60px||||\u00bb]<\/p>\n<h1><span style=\"color: #d05559;\">Zumaia bizitzeko da.<\/span><\/h1>\n<p>Todos los proyectos que hemos recogido en el Plan de Gobierno responden a unas bases s\u00f3lidas. En la pasada legislatura definimos <span style=\"color: #d05559;\"><strong>dos grandes l\u00edneas de trabajo, y otra forma de hacer las cosas.<\/strong><\/span><\/p>\n<p>Seguiremos trabajando sobre ellos, dando pasos hacia los retos estrat\u00e9gicos y respondiendo a las necesidades de la vida cotidiana.<\/p>\n<p>[\/et_pb_text][\/et_pb_column][et_pb_column type=\u00bb1_2&#8243; specialty_columns=\u00bb2&#8243; _builder_version=\u00bb4.16&#8243; custom_padding=\u00bb|||\u00bb global_colors_info=\u00bb{}\u00bb custom_padding__hover=\u00bb|||\u00bb][\/et_pb_column][\/et_pb_section][et_pb_section fb_built=\u00bb1&#8243; theme_builder_area=\u00bbpost_content\u00bb _builder_version=\u00bb4.21.0&#8243; _module_preset=\u00bbdefault\u00bb custom_margin=\u00bb-44px|||||\u00bb background_color=\u00bb#FFFFFF\u00bb hover_enabled=\u00bb0&#8243; sticky_enabled=\u00bb0&#8243; custom_padding=\u00bb68px|||||\u00bb][et_pb_row _builder_version=\u00bb4.21.0&#8243; _module_preset=\u00bbdefault\u00bb theme_builder_area=\u00bbpost_content\u00bb column_structure=\u00bb1_2,1_2&#8243;][et_pb_column _builder_version=\u00bb4.21.0&#8243; _module_preset=\u00bbdefault\u00bb type=\u00bb1_2&#8243; theme_builder_area=\u00bbpost_content\u00bb][et_pb_text _builder_version=\u00bb4.21.0&#8243; _module_preset=\u00bbdefault\u00bb header_font=\u00bb|700|||||||\u00bb header_text_color=\u00bb#000000&#8243; header_font_size=\u00bb55px\u00bb header_line_height=\u00bb1.1em\u00bb width=\u00bb100%\u00bb custom_padding=\u00bb|0px||||\u00bb hover_enabled=\u00bb0&#8243; global_colors_info=\u00bb{}\u00bb sticky_enabled=\u00bb0&#8243; text_font_size=\u00bb18px\u00bb custom_margin=\u00bb|-60px||||\u00bb theme_builder_area=\u00bbpost_content\u00bb]<\/p>\n<h1><span style=\"color: #d05559;\">Zumaia, un pueblo habitables.<\/span><\/h1>\n<p>&nbsp;<\/p>\n<div class=\"row\">\n<div class=\"col-md-12 col-xs-12\">Queremos construir una Zumaia habitable y para ello es imprescindible poner en la base pol\u00edticas p\u00fablicas s\u00f3lidas. Nuestro objetivo es conseguir unas condiciones de vida dignas de todos y todas las zumaiarras, asegurando que nadie se quede atr\u00e1s.<\/p>\n<p>Trabajaremos para crear empleo, fortalecer la econom\u00eda local y cambiar la situaci\u00f3n de la vivienda, e iniciaremos el dise\u00f1o y puesta en marcha de pol\u00edticas que respondan a retos paralelos como los relacionados con los cuidados.<\/p>\n<p>Junto a ello, queremos poner en marcha medidas que mejoren las vidas cotidianas de las personas y, por ello, promoveremos un modelo urban\u00edstico en el que la ciudadan\u00eda sea la protagonista.<\/p><\/div>\n<\/div>\n<p>[\/et_pb_text][\/et_pb_column][et_pb_column _builder_version=\u00bb4.21.0&#8243; _module_preset=\u00bbdefault\u00bb type=\u00bb1_2&#8243; theme_builder_area=\u00bbpost_content\u00bb][et_pb_text _builder_version=\u00bb4.21.0&#8243; _module_preset=\u00bbdefault\u00bb header_font=\u00bb|700|||||||\u00bb header_text_color=\u00bb#000000&#8243; header_font_size=\u00bb55px\u00bb header_line_height=\u00bb1.1em\u00bb width=\u00bb100%\u00bb custom_padding=\u00bb|0px||||\u00bb hover_enabled=\u00bb0&#8243; global_colors_info=\u00bb{}\u00bb sticky_enabled=\u00bb0&#8243; text_font_size=\u00bb18px\u00bb custom_margin=\u00bb|-60px||||\u00bb theme_builder_area=\u00bbpost_content\u00bb]<\/p>\n<h1><span style=\"color: #4ca585;\">Zumaia, un pueblo vivo, educador y euskaldun.<\/span><\/h1>\n<div class=\"row\">\n<div class=\"col-md-12 col-xs-12\">Nuestra segunda directriz es construir un pueblo vivo y educativo que vive en euskera. Queremos una Zumaia que permita educar, crecer y vivir de forma din\u00e1mica y sostenible a las personas, a la comunidad y al medioambiente.<\/p>\n<p>Para ello, seguiremos trabajando para que Zumaia tenga una oferta rica de actividades educativas, culturales y deportivas que enriquezcan las vidas de todos, adem\u00e1s de mejorar las infraestructuras. Adem\u00e1s, en lugar de entenderlas de forma aislada, las trataremos como \u00e1mbitos que pueden alimentarse mutuamente (fomentando el euskera a trav\u00e9s del deporte, por ejemplo).<\/p>\n<p>Adem\u00e1s de adoptar medidas relacionadas con estos \u00e1mbitos, pretendemos transformar el espacio p\u00fablico y crear nuevos espacios de encuentro ciudadano en la calle (como la Casa de Cultura del Convento, o el parque de Mariant\u00f3n).<\/p><\/div>\n<\/div>\n<p>[\/et_pb_text][\/et_pb_column][\/et_pb_row][et_pb_row _builder_version=\u00bb4.21.0&#8243; _module_preset=\u00bbdefault\u00bb theme_builder_area=\u00bbpost_content\u00bb][et_pb_column _builder_version=\u00bb4.21.0&#8243; _module_preset=\u00bbdefault\u00bb type=\u00bb4_4&#8243; theme_builder_area=\u00bbpost_content\u00bb][et_pb_divider _builder_version=\u00bb4.21.0&#8243; _module_preset=\u00bbdefault\u00bb theme_builder_area=\u00bbpost_content\u00bb color=\u00bb#000000&#8243; hover_enabled=\u00bb0&#8243; sticky_enabled=\u00bb0&#8243;][\/et_pb_divider][et_pb_text _builder_version=\u00bb4.21.0&#8243; _module_preset=\u00bbdefault\u00bb header_font=\u00bb|700|||||||\u00bb header_text_color=\u00bb#000000&#8243; header_font_size=\u00bb55px\u00bb header_line_height=\u00bb1.1em\u00bb width=\u00bb100%\u00bb custom_padding=\u00bb|0px||||\u00bb hover_enabled=\u00bb0&#8243; global_colors_info=\u00bb{}\u00bb sticky_enabled=\u00bb0&#8243; text_font_size=\u00bb18px\u00bb custom_margin=\u00bb|-60px||||\u00bb theme_builder_area=\u00bbpost_content\u00bb]<\/p>\n<h1><span style=\"color: #a17489;\">Otra forma de hacer.<\/span><\/h1>\n<p>Haremos todo ello junto con la ciudadan\u00eda, de cerca, dando importancia a la participaci\u00f3n y aplicando pol\u00edticas transversales como el feminismo. El color morado refleja nuestra forma de trabajar.<\/p>\n<div class=\"row\">\n<div class=\"col-md-12 col-xs-12\">Seguiremos colaborando estrechamente con la ciudadan\u00eda, asociaciones y vecinos\/as. Trabajaremos juntas para construir una Zumaia que escuche todas las voces (infantiles, de mayores, de mujeres, de personas con discapacidad&#8230;).<\/p>\n<p>Junto a ello, seguiremos profundizando en nuevos modelos de cogobernanza. La experiencia en Emakumeon* Etxea nos demuestra que a trav\u00e9s del trabajo conjunto entre instituciones y asociaciones la mano de las pol\u00edticas p\u00fablicas llega m\u00e1s lejos. Trabajaremos para crear f\u00f3rmulas similares en los nuevos proyectos que pondremos en marcha.<\/p><\/div>\n<\/div>\n<p>[\/et_pb_text][\/et_pb_column][\/et_pb_row][\/et_pb_section][et_pb_section fb_built=\u00bb1&#8243; _builder_version=\u00bb4.16&#8243; _module_preset=\u00bbdefault\u00bb background_color=\u00bb#D05559&#8243; custom_margin=\u00bb5px|||||\u00bb custom_padding=\u00bb51px||0px|||\u00bb locked=\u00bboff\u00bb global_colors_info=\u00bb{}\u00bb][et_pb_row _builder_version=\u00bb4.16&#8243; _module_preset=\u00bbdefault\u00bb custom_padding=\u00bb0px||53px|||\u00bb global_colors_info=\u00bb{}\u00bb][et_pb_column type=\u00bb4_4&#8243; _builder_version=\u00bb4.16&#8243; _module_preset=\u00bbdefault\u00bb global_colors_info=\u00bb{}\u00bb][et_pb_text _builder_version=\u00bb4.16&#8243; _module_preset=\u00bbdefault\u00bb header_font=\u00bb|700|||||||\u00bb header_text_color=\u00bb#000000&#8243; header_font_size=\u00bb50px\u00bb header_line_height=\u00bb1.1em\u00bb width=\u00bb100%\u00bb custom_padding=\u00bb|0px||0px||\u00bb global_colors_info=\u00bb{}\u00bb]<\/p>\n<h1><span style=\"color: #000000;\">Sobre estas bases hemos definido 90 proyectos e iniciativas concretas. L\u00e9elos <span style=\"text-decoration: underline;\"><a style=\"color: #000000;\" href=\"https:\/\/bizitzekoda.zumaia.eus\/es\/lista-proyectos\/\">aqu\u00ed<\/a><\/span>.<\/span><\/h1>\n<p>[\/et_pb_text][\/et_pb_column][\/et_pb_row][\/et_pb_section]<\/p>\n","protected":false},"excerpt":{"rendered":"<p>Zumaia bizitzeko da. Todos los proyectos que hemos recogido en el Plan de Gobierno responden a unas bases s\u00f3lidas. En la pasada legislatura definimos dos grandes l\u00edneas de trabajo, y otra forma de hacer las cosas. Seguiremos trabajando sobre ellos, dando pasos hacia los retos estrat\u00e9gicos y respondiendo a las necesidades de la vida cotidiana.Zumaia, [&hellip;]<\/p>\n","protected":false},"author":1,"featured_media":0,"parent":0,"menu_order":0,"comment_status":"closed","ping_status":"closed","template":"","meta":{"_et_pb_use_builder":"on","_et_pb_old_content":"","_et_gb_content_width":"","_monsterinsights_skip_tracking":false,"_monsterinsights_sitenote_active":false,"_monsterinsights_sitenote_note":"","_monsterinsights_sitenote_category":0,"footnotes":""},"class_list":["post-5306","page","type-page","status-publish","hentry"],"_links":{"self":[{"href":"https:\/\/bizitzekoda.zumaia.eus\/es\/wp-json\/wp\/v2\/pages\/5306","targetHints":{"allow":["GET"]}}],"collection":[{"href":"https:\/\/bizitzekoda.zumaia.eus\/es\/wp-json\/wp\/v2\/pages"}],"about":[{"href":"https:\/\/bizitzekoda.zumaia.eus\/es\/wp-json\/wp\/v2\/types\/page"}],"author":[{"embeddable":true,"href":"https:\/\/bizitzekoda.zumaia.eus\/es\/wp-json\/wp\/v2\/users\/1"}],"replies":[{"embeddable":true,"href":"https:\/\/bizitzekoda.zumaia.eus\/es\/wp-json\/wp\/v2\/comments?post=5306"}],"version-history":[{"count":5,"href":"https:\/\/bizitzekoda.zumaia.eus\/es\/wp-json\/wp\/v2\/pages\/5306\/revisions"}],"predecessor-version":[{"id":5311,"href":"https:\/\/bizitzekoda.zumaia.eus\/es\/wp-json\/wp\/v2\/pages\/5306\/revisions\/5311"}],"wp:attachment":[{"href":"https:\/\/bizitzekoda.zumaia.eus\/es\/wp-json\/wp\/v2\/media?parent=5306"}],"curies":[{"name":"wp","href":"https:\/\/api.w.org\/{rel}","templated":true}]}}